{"id":783,"date":"2020-01-26T19:21:44","date_gmt":"2020-01-26T18:21:44","guid":{"rendered":"https:\/\/survivre-a-la-nature.com\/?post_type=product&#038;p=783"},"modified":"2022-11-22T04:37:49","modified_gmt":"2022-11-22T03:37:49","slug":"kit-starter-de-survie","status":"publish","type":"product","link":"https:\/\/survivre-a-la-nature.com\/index.php\/produit\/kit-starter-de-survie\/","title":{"rendered":"Kit starter de survie"},"content":{"rendered":"<p><span class=\"a-list-item\">Ce kit est id\u00e9al pour les amateurs, les barres coupe-feu sont une n\u00e9cessit\u00e9 absolu pour tous les aventuriers ! Vous pourrez ainsi allumer des feux partout o\u00f9 vous serez, les pierres \u00e0 feu fonctionnent dans n&rsquo;importe qu&rsquo;elles circonstances g\u00e9ographique et climatique. Que vous soyez sous la neige, en haut du Mont Blanc, sous la pluie vous pourrez \u00e0 tout moment allument un feux en seulement quelques secondes.<br \/>\n<\/span><\/p>\n<p>Pratique et discret, les barres anti-feu pourront vous aider lors d&rsquo;un feux de camps, d&rsquo;un barbecue entres amis, donner une signalation ou encore dans les situations d&rsquo;urgences. Ils peuvent \u00eatre import\u00e9s dans n&rsquo;importe qu&rsquo;elle endroit gr\u00e2ce \u00e0 leur taille compacte. Les allumes feux sont tr\u00e8s long pour cr\u00e9er les \u00e9tincelle, la taille du silex quant \u00e0 elle augmente la dur\u00e9e de vie.<\/p>\n<p>Vous pourrez avec ce kit facilement le prend en main gr\u00e2ce aux poign\u00e9es ergonomiques des aciers \u00e0 feu, et ceci m\u00eame avec les doits gel\u00e9s, alors vous souhaitez en acqu\u00e9rir un ? pour cela rien de plus simple cliquez sur le bouton acheter !<\/p>\n<h3>Le kit de survie comprend<\/h3>\n<p>Un allume feu de la marque Flint Striker, une r\u00e8gle et un sifflet, ce kit de survie est destin\u00e9 pour les activit\u00e9s de camping en plein air.<\/p>\n<p><strong>Description:<\/strong><\/p>\n<ul>\n<li>Diam\u00e8tre de silex: 8 mm<\/li>\n<li>Longueur de silex: 70 mm<\/li>\n<li>Longueur de la t\u00eate \u00e0 la queue: 10 cm<\/li>\n<\/ul>\n<p><strong>Contenu de la livraison:<\/strong><\/p>\n<ul>\n<li>1 unit\u00e9 de frappe de silex<\/li>\n<li>1 r\u00e8gle de jeu<\/li>\n<li>1 unit\u00e9 de sifflet<\/li>\n<\/ul>\n","protected":false},"excerpt":{"rendered":"<p>Outil fiable qui sauve des vies et indispensable pour toutes les personnes qui vivent \u00e0 l&rsquo;ext\u00e9rieur. Les experts en mati\u00e8re de survie du monde entier recommandent l&rsquo;allume-feu en raison de son \u00e9tonnante fonction d&rsquo;incendie. Chaque allume-feu peut \u00eatre utilis\u00e9 des milliers de fois.<\/p>\n","protected":false},"featured_media":784,"comment_status":"open","ping_status":"closed","template":"","meta":[],"wppr_data":{"cwp_meta_box_check":"No","cwp_rev_product_name":"Kit starter de survie","_wppr_review_template":"default","cwp_rev_product_image":"https:\/\/survivre-a-la-nature.com\/wp-content\/uploads\/2020\/01\/starter-survie.jpg","cwp_image_link":"link","wppr_links":[],"wppr_pros":["Pratique","Prix","","",""],"wppr_cons":["","","","",""],"wppr_rating":"0.00","wppr_options":[],"wppr_review_type":"Product","wppr_review_custom_fields":{"additionalType":"","alternateName":"","award":"","awards":"","brand":"","category":"","color":"","depth":"","description":"","disambiguatingDescription":"","gtin":"","gtin12":"","gtin13":"","gtin14":"","gtin8":"","height":"","identifier":"","image":"","logo":"","mainEntityOfPage":"","material":"","model":"","mpn":"","name":"","nsn":"","productID":"","productionDate":"","purchaseDate":"","releaseDate":"","sameAs":"","sku":"","slogan":"","url":"","weight":"","width":""}},"_links":{"self":[{"href":"https:\/\/survivre-a-la-nature.com\/index.php\/wp-json\/wp\/v2\/product\/783"}],"collection":[{"href":"https:\/\/survivre-a-la-nature.com\/index.php\/wp-json\/wp\/v2\/product"}],"about":[{"href":"https:\/\/survivre-a-la-nature.com\/index.php\/wp-json\/wp\/v2\/types\/product"}],"replies":[{"embeddable":true,"href":"https:\/\/survivre-a-la-nature.com\/index.php\/wp-json\/wp\/v2\/comments?post=783"}],"wp:featuredmedia":[{"embeddable":true,"href":"https:\/\/survivre-a-la-nature.com\/index.php\/wp-json\/wp\/v2\/media\/784"}],"wp:attachment":[{"href":"https:\/\/survivre-a-la-nature.com\/index.php\/wp-json\/wp\/v2\/media?parent=783"}],"curies":[{"name":"wp","href":"https:\/\/api.w.org\/{rel}","templated":true}]}}