{"id":727,"date":"2019-11-01T11:21:20","date_gmt":"2019-11-01T10:21:20","guid":{"rendered":"https:\/\/survivre-a-la-nature.com\/?post_type=product&#038;p=727"},"modified":"2022-12-09T09:05:17","modified_gmt":"2022-12-09T08:05:17","slug":"equipement-de-survie-exterieure-16-pieces","status":"publish","type":"product","link":"https:\/\/survivre-a-la-nature.com\/index.php\/produit\/equipement-de-survie-exterieure-16-pieces\/","title":{"rendered":"\u00c9quipement de Survie Ext\u00e9rieure 16 pi\u00e8ces"},"content":{"rendered":"<h1>Pack de survie ext\u00e9rieur 16 pi\u00e8ces<\/h1>\n<p><span class=\"a-list-item\">Avec un poids ultra l\u00e9ger, le pack n&rsquo;augmentera pas la charge que vous aurez \u00e0 porter lors votre voyage. <\/span><span class=\"a-list-item\">De nombreux <strong>outils de survie<\/strong> sont pr\u00e9sents et adapt\u00e9s \u00e0 de nombreuses situations o\u00f9 vous devriez faire face lorsque vous serez dans la nature. Ce pack de survie peut \u00eatre offert pour un proche, c&rsquo;est un \u00e9galement tr\u00e8s bon cadeau pour les personnes \u00e0 la recherche d&rsquo;aventure.<br \/>\n<\/span><\/p>\n<p><span class=\"a-list-item\">Cette ensemble r\u00e9siste \u00e0 l&rsquo;eau et est antichoc, les outils sont con\u00e7us pour \u00eatre stable et durable dans le temps. Ce <strong>pack de survie<\/strong> est une s\u00e9lection du minimum vital que vous pourrez avoir dans n&rsquo;importe quel endroit o\u00f9 vous serez.<\/span><\/p>\n<h3>Emballage dans le pack de survie inclus :<\/h3>\n<p>&#8211; un app\u00e2t pour poisson<br \/>\n&#8211; un sifflet <span class=\"st\">de secours ou de d\u00e9tresse<\/span><br \/>\n&#8211; une boussole d&rsquo;orientation<br \/>\n&#8211; une ligne de poisson<br \/>\n&#8211; une lampe cl\u00e9 pour envoyer un signal lumineux, \u00e9clairer un buisson suspect etc.<br \/>\n&#8211; une Carte Sabre (ouvre-bo\u00eete, couteau lat\u00e9ral, tournevis, d\u00e9capsuleur, cl\u00e9 de positionnement, cl\u00e9 de scie, \u00e9chelle directionnel, trou porte)<br \/>\n&#8211; deux app\u00e2ts de ver doux pour poisson<br \/>\n&#8211; trois barres de magn\u00e9sium pour allumer un feu rapidement<br \/>\n&#8211; une tasse t\u00e9lescopique en acier inoxydable<br \/>\n&#8211; une lampe de poche<br \/>\n&#8211; une couverture thermique d&rsquo;urgence (130 * 210cm) c<span class=\"a-list-item\">on\u00e7ue pour conserver au maximum la chaleur du corps<\/span><br \/>\n&#8211; un \u00e9tui de rangement<\/p>\n","protected":false},"excerpt":{"rendered":"<p><span class=\"a-list-item\">Avec un poids ultra l\u00e9ger, le pack n&rsquo;augmentera pas la charge que vous aurez \u00e0 porter lors votre voyage. <\/span><span class=\"a-list-item\">De nombreux <strong>outils de survie<\/strong> sont pr\u00e9sents et adapt\u00e9s \u00e0 de nombreuses situations o\u00f9 vous devriez faire face lorsque vous serez dans la nature. Ce pack de survie peut \u00eatre offert pour un proche, c&rsquo;est un \u00e9galement tr\u00e8s bon cadeau pour les personnes \u00e0 la recherche d&rsquo;aventure.<br \/>\n<\/span><\/p>\n<p><b>En stock, exp\u00e9di\u00e9 sous 24h.<\/b><\/p>\n<p>&nbsp;<\/p>\n","protected":false},"featured_media":748,"comment_status":"open","ping_status":"closed","template":"","meta":[],"wppr_data":{"cwp_meta_box_check":"No","cwp_rev_product_name":"Pack survie express (16 outils)","_wppr_review_template":"default","cwp_rev_product_image":"https:\/\/survivre-a-la-nature.com\/wp-content\/uploads\/2019\/11\/equipement-survie-16pieces-1.jpg","cwp_image_link":"link","wppr_links":[],"cwp_rev_price":"25 \u20ac","wppr_pros":["Prix","","","",""],"wppr_cons":["Manque de pi\u00e8ce","","","",""],"wppr_rating":"0.00","wppr_options":[],"wppr_review_type":"Product","wppr_review_custom_fields":{"additionalType":"","alternateName":"","award":"","awards":"","brand":"","category":"","color":"","depth":"","description":"","disambiguatingDescription":"","gtin":"","gtin12":"","gtin13":"","gtin14":"","gtin8":"","height":"","identifier":"","image":"","logo":"","mainEntityOfPage":"","material":"","model":"","mpn":"","name":"","nsn":"","productID":"","productionDate":"","purchaseDate":"","releaseDate":"","sameAs":"","sku":"","slogan":"","url":"","weight":"","width":""}},"_links":{"self":[{"href":"https:\/\/survivre-a-la-nature.com\/index.php\/wp-json\/wp\/v2\/product\/727"}],"collection":[{"href":"https:\/\/survivre-a-la-nature.com\/index.php\/wp-json\/wp\/v2\/product"}],"about":[{"href":"https:\/\/survivre-a-la-nature.com\/index.php\/wp-json\/wp\/v2\/types\/product"}],"replies":[{"embeddable":true,"href":"https:\/\/survivre-a-la-nature.com\/index.php\/wp-json\/wp\/v2\/comments?post=727"}],"wp:featuredmedia":[{"embeddable":true,"href":"https:\/\/survivre-a-la-nature.com\/index.php\/wp-json\/wp\/v2\/media\/748"}],"wp:attachment":[{"href":"https:\/\/survivre-a-la-nature.com\/index.php\/wp-json\/wp\/v2\/media?parent=727"}],"curies":[{"name":"wp","href":"https:\/\/api.w.org\/{rel}","templated":true}]}}